{"id":95,"date":"2019-06-01T09:44:58","date_gmt":"2019-06-01T09:44:58","guid":{"rendered":"http:\/\/aikido-sindelfingen.de\/?page_id=95"},"modified":"2025-10-16T12:09:37","modified_gmt":"2025-10-16T12:09:37","slug":"kontakt","status":"publish","type":"page","link":"https:\/\/aikido-sindelfingen.de\/?page_id=95","title":{"rendered":"Kontakt"},"content":{"rendered":"\n<figure class=\"wp-block-image\"><img loading=\"lazy\" decoding=\"async\" width=\"1024\" height=\"575\" src=\"http:\/\/aikido-sindelfingen.de\/wp-content\/uploads\/2019\/06\/2016-10-28-407-AiHanmi-sw-1024x575.jpg\" alt=\"\" class=\"wp-image-96\" srcset=\"https:\/\/aikido-sindelfingen.de\/wp-content\/uploads\/2019\/06\/2016-10-28-407-AiHanmi-sw-1024x575.jpg 1024w, https:\/\/aikido-sindelfingen.de\/wp-content\/uploads\/2019\/06\/2016-10-28-407-AiHanmi-sw-300x169.jpg 300w, https:\/\/aikido-sindelfingen.de\/wp-content\/uploads\/2019\/06\/2016-10-28-407-AiHanmi-sw-768x432.jpg 768w\" sizes=\"auto, (max-width: 767px) 89vw, (max-width: 1000px) 54vw, (max-width: 1071px) 543px, 580px\" \/><\/figure>\n\n\n\n<p>Gerne k\u00f6nnen Sie mit uns Kontakt aufnehmen, um sich \u00fcber das erste Training zu informieren oder andere Aikido-spezifischen Fragen zu kl\u00e4ren.<\/p>\n\n\n\n<p><strong>Telefonisch<\/strong> erreichen Sie uns unter <strong>07031 805050<\/strong>.<\/p>\n\n\n\n<p><strong>E-Mail<\/strong>: <strong>abteilungsleiter@aikido-sindelfingen.de<\/strong>. Die Nachricht wird dann entsprechend an die jeweiligen Kinder-, Jugend- oder Erwachsenen-\u00dcbungsleiter weitergeleitet und beantwortet.<\/p>\n\n\n\n<h2 class=\"wp-block-heading\">Kontakt zu den jeweiligen Trainern:<\/h2>\n\n\n\n<p>F\u00fcr Mitglieder um sich z.B. bei Krankheit vom Training abzumelden.<\/p>\n\n\n\n<figure class=\"wp-block-table is-style-stripes\"><table><tbody><tr><td class=\"has-text-align-left\" data-align=\"left\">Kindertraining:<\/td><td>montags-trainer%aikido-sindelfingen@gmx.de<\/td><\/tr><tr><td class=\"has-text-align-left\" data-align=\"left\">Jugendtraining:<\/td><td>jugend-trainer%aikido-sindelfingen@gmx.de<\/td><\/tr><\/tbody><\/table><\/figure>\n\n\n\n<p>Zum An- oder Abmelden vom Verein bitte die E-Mail zum Abteilungsleiter verwenden.<\/p>\n","protected":false},"excerpt":{"rendered":"<p>Gerne k\u00f6nnen Sie mit uns Kontakt aufnehmen, um sich \u00fcber das erste Training zu informieren oder andere Aikido-spezifischen Fragen zu kl\u00e4ren. Telefonisch erreichen Sie uns unter 07031 805050. E-Mail: abteilungsleiter@aikido-sindelfingen.de. Die Nachricht wird dann entsprechend an die jeweiligen Kinder-, Jugend- oder Erwachsenen-\u00dcbungsleiter weitergeleitet und beantwortet. Kontakt zu den jeweiligen Trainern: F\u00fcr Mitglieder um sich z.B. &hellip; <\/p>\n<p class=\"link-more\"><a href=\"https:\/\/aikido-sindelfingen.de\/?page_id=95\" class=\"more-link\"><span class=\"screen-reader-text\">\u201eKontakt\u201c <\/span>weiterlesen<\/a><\/p>\n","protected":false},"author":1,"featured_media":0,"parent":0,"menu_order":40,"comment_status":"closed","ping_status":"closed","template":"","meta":{"footnotes":""},"class_list":["post-95","page","type-page","status-publish","hentry"],"_links":{"self":[{"href":"https:\/\/aikido-sindelfingen.de\/index.php?rest_route=\/wp\/v2\/pages\/95","targetHints":{"allow":["GET"]}}],"collection":[{"href":"https:\/\/aikido-sindelfingen.de\/index.php?rest_route=\/wp\/v2\/pages"}],"about":[{"href":"https:\/\/aikido-sindelfingen.de\/index.php?rest_route=\/wp\/v2\/types\/page"}],"author":[{"embeddable":true,"href":"https:\/\/aikido-sindelfingen.de\/index.php?rest_route=\/wp\/v2\/users\/1"}],"replies":[{"embeddable":true,"href":"https:\/\/aikido-sindelfingen.de\/index.php?rest_route=%2Fwp%2Fv2%2Fcomments&post=95"}],"version-history":[{"count":7,"href":"https:\/\/aikido-sindelfingen.de\/index.php?rest_route=\/wp\/v2\/pages\/95\/revisions"}],"predecessor-version":[{"id":526,"href":"https:\/\/aikido-sindelfingen.de\/index.php?rest_route=\/wp\/v2\/pages\/95\/revisions\/526"}],"wp:attachment":[{"href":"https:\/\/aikido-sindelfingen.de\/index.php?rest_route=%2Fwp%2Fv2%2Fmedia&parent=95"}],"curies":[{"name":"wp","href":"https:\/\/api.w.org\/{rel}","templated":true}]}}