{"id":79,"date":"2019-06-01T09:39:49","date_gmt":"2019-06-01T09:39:49","guid":{"rendered":"http:\/\/aikido-sindelfingen.de\/?page_id=79"},"modified":"2021-07-19T17:16:22","modified_gmt":"2021-07-19T17:16:22","slug":"aikido","status":"publish","type":"page","link":"https:\/\/aikido-sindelfingen.de\/?page_id=79","title":{"rendered":"Aikido"},"content":{"rendered":"\n<p>Aikido&nbsp;ist eine japanische Kampfkunst. Begr\u00fcndet wurde sie durch den Japaner Morihei Ueshiba (1883-1969).  Die Wurzeln des Aikido liegen im Stock- und Schwertkampf, sowie in zahlreichen unbewaffneten japanischen Kampfk\u00fcnsten. <\/p>\n\n\n\n<figure class=\"wp-block-image\"><img loading=\"lazy\" decoding=\"async\" width=\"1024\" height=\"575\" src=\"http:\/\/aikido-sindelfingen.de\/wp-content\/uploads\/2019\/06\/2016-10-28-490-Ueshiba-1024x575.jpg\" alt=\"\" class=\"wp-image-80\" srcset=\"https:\/\/aikido-sindelfingen.de\/wp-content\/uploads\/2019\/06\/2016-10-28-490-Ueshiba-1024x575.jpg 1024w, https:\/\/aikido-sindelfingen.de\/wp-content\/uploads\/2019\/06\/2016-10-28-490-Ueshiba-300x169.jpg 300w, https:\/\/aikido-sindelfingen.de\/wp-content\/uploads\/2019\/06\/2016-10-28-490-Ueshiba-768x432.jpg 768w\" sizes=\"auto, (max-width: 767px) 89vw, (max-width: 1000px) 54vw, (max-width: 1071px) 543px, 580px\" \/><\/figure>\n\n\n\n<p>\u00dcbersetzt bedeutet Aikido soviel wie: \u201eWeg zur Harmonisierung der Kr\u00e4fte\u201c. Aus  philosophischer Sicht sollte ein Aikidoka danach streben, das Gleichgewicht wiederherzustellen, das durch einen Angriff gest\u00f6rt wird.  <\/p>\n\n\n\n<figure class=\"wp-block-image\"><img loading=\"lazy\" decoding=\"async\" width=\"1024\" height=\"660\" src=\"http:\/\/aikido-sindelfingen.de\/wp-content\/uploads\/2019\/06\/2016-10-28-388-Ukemi-1024x660.jpg\" alt=\"\" class=\"wp-image-85\" srcset=\"https:\/\/aikido-sindelfingen.de\/wp-content\/uploads\/2019\/06\/2016-10-28-388-Ukemi-1024x660.jpg 1024w, https:\/\/aikido-sindelfingen.de\/wp-content\/uploads\/2019\/06\/2016-10-28-388-Ukemi-300x193.jpg 300w, https:\/\/aikido-sindelfingen.de\/wp-content\/uploads\/2019\/06\/2016-10-28-388-Ukemi-768x495.jpg 768w\" sizes=\"auto, (max-width: 767px) 89vw, (max-width: 1000px) 54vw, (max-width: 1071px) 543px, 580px\" \/><\/figure>\n\n\n\n<figure class=\"wp-block-image\"><img loading=\"lazy\" decoding=\"async\" width=\"1024\" height=\"537\" src=\"http:\/\/aikido-sindelfingen.de\/wp-content\/uploads\/2019\/06\/2016-10-28-409-Ikkyo-sw-1024x537.jpg\" alt=\"\" class=\"wp-image-84\" srcset=\"https:\/\/aikido-sindelfingen.de\/wp-content\/uploads\/2019\/06\/2016-10-28-409-Ikkyo-sw-1024x537.jpg 1024w, https:\/\/aikido-sindelfingen.de\/wp-content\/uploads\/2019\/06\/2016-10-28-409-Ikkyo-sw-300x157.jpg 300w, https:\/\/aikido-sindelfingen.de\/wp-content\/uploads\/2019\/06\/2016-10-28-409-Ikkyo-sw-768x403.jpg 768w\" sizes=\"auto, (max-width: 767px) 89vw, (max-width: 1000px) 54vw, (max-width: 1071px) 543px, 580px\" \/><\/figure>\n\n\n\n<p>Es  ist nur wenig Kraft n\u00f6tig, um die Techniken auszuf\u00fchren, da \u00fcber die  ausweichenden kreisf\u00f6rmigen und eintretenden Bewegungen die Wucht des  Angriffes umgelenkt wird anstatt mit ihm mit eigener Kraft  entgegenzutreten. Dies erfordert jedoch eine umso pr\u00e4zisere Ausf\u00fchrung  und Koordination, damit die einzelnen Bewegungen ineinander \u00fcberflie\u00dfen  k\u00f6nnen. <\/p>\n\n\n\n<p>Au\u00dfer  den waffenlosen Techniken, umfasst Aikido zudem Formen  mit den \u00fcblichen Trainingswaffen (meist aus Holz):  Schwert, Stock und Messer. <\/p>\n\n\n\n<figure class=\"wp-block-image\"><img loading=\"lazy\" decoding=\"async\" width=\"1024\" height=\"351\" src=\"http:\/\/aikido-sindelfingen.de\/wp-content\/uploads\/2019\/06\/2016-10-28-453-Waffen-1024x351.jpg\" alt=\"\" class=\"wp-image-82\" srcset=\"https:\/\/aikido-sindelfingen.de\/wp-content\/uploads\/2019\/06\/2016-10-28-453-Waffen-1024x351.jpg 1024w, https:\/\/aikido-sindelfingen.de\/wp-content\/uploads\/2019\/06\/2016-10-28-453-Waffen-300x103.jpg 300w, https:\/\/aikido-sindelfingen.de\/wp-content\/uploads\/2019\/06\/2016-10-28-453-Waffen-768x264.jpg 768w\" sizes=\"auto, (max-width: 767px) 89vw, (max-width: 1000px) 54vw, (max-width: 1071px) 543px, 580px\" \/><\/figure>\n\n\n\n<figure class=\"wp-block-image\"><img loading=\"lazy\" decoding=\"async\" width=\"1024\" height=\"317\" src=\"http:\/\/aikido-sindelfingen.de\/wp-content\/uploads\/2019\/06\/2016-10-18-026-JoKamae-sw-1024x317.jpg\" alt=\"\" class=\"wp-image-83\" srcset=\"https:\/\/aikido-sindelfingen.de\/wp-content\/uploads\/2019\/06\/2016-10-18-026-JoKamae-sw-1024x317.jpg 1024w, https:\/\/aikido-sindelfingen.de\/wp-content\/uploads\/2019\/06\/2016-10-18-026-JoKamae-sw-300x93.jpg 300w, https:\/\/aikido-sindelfingen.de\/wp-content\/uploads\/2019\/06\/2016-10-18-026-JoKamae-sw-768x238.jpg 768w\" sizes=\"auto, (max-width: 767px) 89vw, (max-width: 1000px) 54vw, (max-width: 1071px) 543px, 580px\" \/><\/figure>\n\n\n\n<p>Durch  die nat\u00fcrlichen Bewegungsformen in den Techniken lassen sich Elemente  des Aikido meistens m\u00fchelos in den Alltag \u00fcbertragen, sodass eine  verbesserte K\u00f6rperhaltung, ein verst\u00e4rktes Selbstbewusstsein und eine andere Wahrnehmung entstehen. <br>Aikido kann also helfen sich auch im t\u00e4glichen Leben friedfertiger zu bewegen und Konflikte fr\u00fchzeitig zu l\u00f6sen. <\/p>\n","protected":false},"excerpt":{"rendered":"<p>Aikido&nbsp;ist eine japanische Kampfkunst. Begr\u00fcndet wurde sie durch den Japaner Morihei Ueshiba (1883-1969). Die Wurzeln des Aikido liegen im Stock- und Schwertkampf, sowie in zahlreichen unbewaffneten japanischen Kampfk\u00fcnsten. \u00dcbersetzt bedeutet Aikido soviel wie: \u201eWeg zur Harmonisierung der Kr\u00e4fte\u201c. Aus philosophischer Sicht sollte ein Aikidoka danach streben, das Gleichgewicht wiederherzustellen, das durch einen Angriff gest\u00f6rt wird. &hellip; <\/p>\n<p class=\"link-more\"><a href=\"https:\/\/aikido-sindelfingen.de\/?page_id=79\" class=\"more-link\"><span class=\"screen-reader-text\">\u201eAikido\u201c <\/span>weiterlesen<\/a><\/p>\n","protected":false},"author":1,"featured_media":0,"parent":0,"menu_order":20,"comment_status":"closed","ping_status":"closed","template":"","meta":{"footnotes":""},"class_list":["post-79","page","type-page","status-publish","hentry"],"_links":{"self":[{"href":"https:\/\/aikido-sindelfingen.de\/index.php?rest_route=\/wp\/v2\/pages\/79","targetHints":{"allow":["GET"]}}],"collection":[{"href":"https:\/\/aikido-sindelfingen.de\/index.php?rest_route=\/wp\/v2\/pages"}],"about":[{"href":"https:\/\/aikido-sindelfingen.de\/index.php?rest_route=\/wp\/v2\/types\/page"}],"author":[{"embeddable":true,"href":"https:\/\/aikido-sindelfingen.de\/index.php?rest_route=\/wp\/v2\/users\/1"}],"replies":[{"embeddable":true,"href":"https:\/\/aikido-sindelfingen.de\/index.php?rest_route=%2Fwp%2Fv2%2Fcomments&post=79"}],"version-history":[{"count":3,"href":"https:\/\/aikido-sindelfingen.de\/index.php?rest_route=\/wp\/v2\/pages\/79\/revisions"}],"predecessor-version":[{"id":345,"href":"https:\/\/aikido-sindelfingen.de\/index.php?rest_route=\/wp\/v2\/pages\/79\/revisions\/345"}],"wp:attachment":[{"href":"https:\/\/aikido-sindelfingen.de\/index.php?rest_route=%2Fwp%2Fv2%2Fmedia&parent=79"}],"curies":[{"name":"wp","href":"https:\/\/api.w.org\/{rel}","templated":true}]}}