{"id":37,"date":"2019-05-31T09:53:26","date_gmt":"2019-05-31T09:53:26","guid":{"rendered":"http:\/\/aikido-sindelfingen.de\/?page_id=37"},"modified":"2025-09-28T11:39:17","modified_gmt":"2025-09-28T11:39:17","slug":"zeitundort","status":"publish","type":"page","link":"https:\/\/aikido-sindelfingen.de\/?page_id=37","title":{"rendered":"Trainingszeiten und -ort"},"content":{"rendered":"\n<p>Wir trainieren in der Halle 1 der Realschule am Klostergarten.<\/p>\n\n\n\n<p>Der Eingang zur Halle befindet sich in der Leonberger Str. 3-5 gegen\u00fcber der Bushaltestelle Klostergarten und dem REWE-Markt.<\/p>\n\n\n\n<figure class=\"wp-block-image\"><img loading=\"lazy\" decoding=\"async\" width=\"1024\" height=\"576\" src=\"http:\/\/aikido-sindelfingen.de\/wp-content\/uploads\/2019\/05\/Lageplan-1024x576.png\" alt=\"\" class=\"wp-image-44\" srcset=\"https:\/\/aikido-sindelfingen.de\/wp-content\/uploads\/2019\/05\/Lageplan-1024x576.png 1024w, https:\/\/aikido-sindelfingen.de\/wp-content\/uploads\/2019\/05\/Lageplan-300x169.png 300w, https:\/\/aikido-sindelfingen.de\/wp-content\/uploads\/2019\/05\/Lageplan-768x432.png 768w\" sizes=\"auto, (max-width: 767px) 89vw, (max-width: 1000px) 54vw, (max-width: 1071px) 543px, 580px\" \/><\/figure>\n\n\n\n<h2 class=\"wp-block-heading\" id=\"kinder-und-jugendliche\">Kinder und Jugendliche<\/h2>\n\n\n\n<p> <strong>5-7 Jahre <\/strong><\/p>\n\n\n\n<figure class=\"wp-block-table\"><table><tbody><tr><td> <s>Freitag<\/s><\/td><td><s> 15:45 &#8211; 16:30 <\/s> (vor\u00fcbergehend ausgesetzt)<\/td><\/tr><\/tbody><\/table><\/figure>\n\n\n\n<p> <strong>7-14 Jahre<\/strong><\/p>\n\n\n\n<figure class=\"wp-block-table\"><table><tbody><tr><td>Montag<br><s>Freitag<\/s><\/td><td>17:00 &#8211; 18:30<br><s>16:30 &#8211; 18:00 <\/s>(vor\u00fcbergehend ausgesetzt)<\/td><\/tr><\/tbody><\/table><\/figure>\n\n\n\n<p><strong> ab 14<\/strong> (vor\u00fcbergehend ab 10 Jahren)<\/p>\n\n\n\n<figure class=\"wp-block-table\"><table><tbody><tr><td>Freitag<\/td><td>18:00 &#8211; 19:30<\/td><\/tr><\/tbody><\/table><\/figure>\n\n\n\n<h2 class=\"wp-block-heading\" id=\"erwachsene\">Erwachsene<\/h2>\n\n\n\n<figure class=\"wp-block-table\"><table><tbody><tr><td>Freitag<\/td><td>19:30 &#8211; 21:00<\/td><\/tr><\/tbody><\/table><\/figure>\n\n\n\n<p>Ein Schnuppertraining ist jederzeit m\u00f6glich &#8211; kommt einfach zum ersten Training vorbei oder meldet euch bei uns.  <\/p>\n\n\n\n<figure class=\"wp-block-image\"><img loading=\"lazy\" decoding=\"async\" width=\"1024\" height=\"575\" src=\"http:\/\/aikido-sindelfingen.de\/wp-content\/uploads\/2019\/06\/2016-10-28-400-KoteGaeshi-sw-1024x575.jpg\" alt=\"\" class=\"wp-image-91\" srcset=\"https:\/\/aikido-sindelfingen.de\/wp-content\/uploads\/2019\/06\/2016-10-28-400-KoteGaeshi-sw-1024x575.jpg 1024w, https:\/\/aikido-sindelfingen.de\/wp-content\/uploads\/2019\/06\/2016-10-28-400-KoteGaeshi-sw-300x169.jpg 300w, https:\/\/aikido-sindelfingen.de\/wp-content\/uploads\/2019\/06\/2016-10-28-400-KoteGaeshi-sw-768x432.jpg 768w\" sizes=\"auto, (max-width: 767px) 89vw, (max-width: 1000px) 54vw, (max-width: 1071px) 543px, 580px\" \/><\/figure>\n\n\n\n<figure class=\"wp-block-image\"><img loading=\"lazy\" decoding=\"async\" width=\"1024\" height=\"575\" src=\"http:\/\/aikido-sindelfingen.de\/wp-content\/uploads\/2019\/06\/2016-10-18-019-Bokken-g-1-1024x575.jpg\" alt=\"\" class=\"wp-image-93\" srcset=\"https:\/\/aikido-sindelfingen.de\/wp-content\/uploads\/2019\/06\/2016-10-18-019-Bokken-g-1-1024x575.jpg 1024w, https:\/\/aikido-sindelfingen.de\/wp-content\/uploads\/2019\/06\/2016-10-18-019-Bokken-g-1-300x169.jpg 300w, https:\/\/aikido-sindelfingen.de\/wp-content\/uploads\/2019\/06\/2016-10-18-019-Bokken-g-1-768x432.jpg 768w\" sizes=\"auto, (max-width: 767px) 89vw, (max-width: 1000px) 54vw, (max-width: 1071px) 543px, 580px\" \/><\/figure>\n\n\n\n<figure class=\"wp-block-image\"><img loading=\"lazy\" decoding=\"async\" width=\"1024\" height=\"504\" src=\"http:\/\/aikido-sindelfingen.de\/wp-content\/uploads\/2019\/06\/2016-10-28-462-Hakama-1024x504.jpg\" alt=\"\" class=\"wp-image-92\" srcset=\"https:\/\/aikido-sindelfingen.de\/wp-content\/uploads\/2019\/06\/2016-10-28-462-Hakama-1024x504.jpg 1024w, https:\/\/aikido-sindelfingen.de\/wp-content\/uploads\/2019\/06\/2016-10-28-462-Hakama-300x148.jpg 300w, https:\/\/aikido-sindelfingen.de\/wp-content\/uploads\/2019\/06\/2016-10-28-462-Hakama-768x378.jpg 768w\" sizes=\"auto, (max-width: 767px) 89vw, (max-width: 1000px) 54vw, (max-width: 1071px) 543px, 580px\" \/><\/figure>\n","protected":false},"excerpt":{"rendered":"<p>Wir trainieren in der Halle 1 der Realschule am Klostergarten. Der Eingang zur Halle befindet sich in der Leonberger Str. 3-5 gegen\u00fcber der Bushaltestelle Klostergarten und dem REWE-Markt. Kinder und Jugendliche 5-7 Jahre Freitag 15:45 &#8211; 16:30 (vor\u00fcbergehend ausgesetzt) 7-14 Jahre MontagFreitag 17:00 &#8211; 18:3016:30 &#8211; 18:00 (vor\u00fcbergehend ausgesetzt) ab 14 (vor\u00fcbergehend ab 10 Jahren) &hellip; <\/p>\n<p class=\"link-more\"><a href=\"https:\/\/aikido-sindelfingen.de\/?page_id=37\" class=\"more-link\"><span class=\"screen-reader-text\">\u201eTrainingszeiten und -ort\u201c <\/span>weiterlesen<\/a><\/p>\n","protected":false},"author":1,"featured_media":0,"parent":220,"menu_order":0,"comment_status":"closed","ping_status":"closed","template":"","meta":{"footnotes":""},"class_list":["post-37","page","type-page","status-publish","hentry"],"_links":{"self":[{"href":"https:\/\/aikido-sindelfingen.de\/index.php?rest_route=\/wp\/v2\/pages\/37","targetHints":{"allow":["GET"]}}],"collection":[{"href":"https:\/\/aikido-sindelfingen.de\/index.php?rest_route=\/wp\/v2\/pages"}],"about":[{"href":"https:\/\/aikido-sindelfingen.de\/index.php?rest_route=\/wp\/v2\/types\/page"}],"author":[{"embeddable":true,"href":"https:\/\/aikido-sindelfingen.de\/index.php?rest_route=\/wp\/v2\/users\/1"}],"replies":[{"embeddable":true,"href":"https:\/\/aikido-sindelfingen.de\/index.php?rest_route=%2Fwp%2Fv2%2Fcomments&post=37"}],"version-history":[{"count":14,"href":"https:\/\/aikido-sindelfingen.de\/index.php?rest_route=\/wp\/v2\/pages\/37\/revisions"}],"predecessor-version":[{"id":520,"href":"https:\/\/aikido-sindelfingen.de\/index.php?rest_route=\/wp\/v2\/pages\/37\/revisions\/520"}],"up":[{"embeddable":true,"href":"https:\/\/aikido-sindelfingen.de\/index.php?rest_route=\/wp\/v2\/pages\/220"}],"wp:attachment":[{"href":"https:\/\/aikido-sindelfingen.de\/index.php?rest_route=%2Fwp%2Fv2%2Fmedia&parent=37"}],"curies":[{"name":"wp","href":"https:\/\/api.w.org\/{rel}","templated":true}]}}