{"id":2,"date":"2016-05-10T03:48:21","date_gmt":"2016-05-10T03:48:21","guid":{"rendered":"http:\/\/aikido-sindelfingen.de\/?page_id=2"},"modified":"2020-07-12T18:07:19","modified_gmt":"2020-07-12T18:07:19","slug":"sample-page","status":"publish","type":"page","link":"https:\/\/aikido-sindelfingen.de\/?page_id=2","title":{"rendered":"Wir \u00fcber uns"},"content":{"rendered":"<div class=\"col\">\n<div class=\"extra\">\n<div class=\"component \">\n<div class=\"self mobile-leaf text textnormal\">\n<div>\n<p>Wir sind die Aikido-Abteilung des VfL Sindelfingen.<\/p>\n<ul>\n<li style=\"list-style-type: none;\">\n<ul>\n<li>1997: Gr\u00fcndung<\/li>\n<li>1999: erstes Kindertraining<\/li>\n<li>2001: erstes Training der &#8222;Zwergengruppe&#8220;<\/li>\n<\/ul>\n<\/li>\n<\/ul>\n<p>Derzeit haben wir knapp 80 Mitglieder, von denen fast 70 % unter 18 Jahren sind.<\/p>\n<p>Seit 2005 gibt es die vereins\u00fcbergreifenden &#8222;Drei-K\u00f6nigs-Lehrg\u00e4nge&#8220; f\u00fcr Kinder und Jugendliche.<\/p>\n<p>In jeder unserer Trainingseinheiten f\u00fcr Kinder und Jugendliche ist mind. ein Betreuer weiblich und einer m\u00e4nnlich.<\/p>\n<p>Seit 2005 schlie\u00dfen die Betreuer die &#8222;Juleica&#8220;-Ausbildung ab. Ein Jugendausschussmitglied auf Landesebene stellen wir seit 2010.<\/p>\n<\/div>\n<div>\u00a0<\/div>\n<\/div>\n<\/div>\n<\/div>\n<\/div>\n\n\n<figure class=\"wp-block-image\"><img loading=\"lazy\" decoding=\"async\" width=\"1024\" height=\"575\" src=\"http:\/\/aikido-sindelfingen.de\/wp-content\/uploads\/2019\/06\/2016-10-28-440-TopView-sw-1024x575.jpg\" alt=\"\" class=\"wp-image-89\" srcset=\"https:\/\/aikido-sindelfingen.de\/wp-content\/uploads\/2019\/06\/2016-10-28-440-TopView-sw-1024x575.jpg 1024w, https:\/\/aikido-sindelfingen.de\/wp-content\/uploads\/2019\/06\/2016-10-28-440-TopView-sw-300x169.jpg 300w, https:\/\/aikido-sindelfingen.de\/wp-content\/uploads\/2019\/06\/2016-10-28-440-TopView-sw-768x432.jpg 768w\" sizes=\"auto, (max-width: 767px) 89vw, (max-width: 1000px) 54vw, (max-width: 1071px) 543px, 580px\" \/><\/figure>\n\n\n\n<h5 class=\"wp-block-heading\">ausgetragene Lehrg\u00e4nge<\/h5>\n\n\n\n<p>2007: 10-j\u00e4hriges Jubil\u00e4um in in der Turnhalle Klostergarten<\/p>\n\n\n\n<p>2012: 15-j\u00e4hriges Jubil\u00e4um im Judo-Dojo Glaspalast<\/p>\n\n\n\n<p>2014: Landes-Jugendlehrgang im Judo-Dojo Glaspalast<\/p>\n\n\n\n<h5 class=\"wp-block-heading\">Kooperationen<\/h5>\n\n\n\n<p>Kindersportschule (KiSS)<\/p>\n\n\n\n<p>Haus der Familie<\/p>\n","protected":false},"excerpt":{"rendered":"<p>Wir sind die Aikido-Abteilung des VfL Sindelfingen. 1997: Gr\u00fcndung 1999: erstes Kindertraining 2001: erstes Training der &#8222;Zwergengruppe&#8220; Derzeit haben wir knapp 80 Mitglieder, von denen fast 70 % unter 18 Jahren sind. Seit 2005 gibt es die vereins\u00fcbergreifenden &#8222;Drei-K\u00f6nigs-Lehrg\u00e4nge&#8220; f\u00fcr Kinder und Jugendliche. In jeder unserer Trainingseinheiten f\u00fcr Kinder und Jugendliche ist mind. ein Betreuer &hellip; <\/p>\n<p class=\"link-more\"><a href=\"https:\/\/aikido-sindelfingen.de\/?page_id=2\" class=\"more-link\"><span class=\"screen-reader-text\">\u201eWir \u00fcber uns\u201c <\/span>weiterlesen<\/a><\/p>\n","protected":false},"author":1,"featured_media":0,"parent":0,"menu_order":10,"comment_status":"closed","ping_status":"closed","template":"","meta":{"footnotes":""},"class_list":["post-2","page","type-page","status-publish","hentry"],"_links":{"self":[{"href":"https:\/\/aikido-sindelfingen.de\/index.php?rest_route=\/wp\/v2\/pages\/2","targetHints":{"allow":["GET"]}}],"collection":[{"href":"https:\/\/aikido-sindelfingen.de\/index.php?rest_route=\/wp\/v2\/pages"}],"about":[{"href":"https:\/\/aikido-sindelfingen.de\/index.php?rest_route=\/wp\/v2\/types\/page"}],"author":[{"embeddable":true,"href":"https:\/\/aikido-sindelfingen.de\/index.php?rest_route=\/wp\/v2\/users\/1"}],"replies":[{"embeddable":true,"href":"https:\/\/aikido-sindelfingen.de\/index.php?rest_route=%2Fwp%2Fv2%2Fcomments&post=2"}],"version-history":[{"count":7,"href":"https:\/\/aikido-sindelfingen.de\/index.php?rest_route=\/wp\/v2\/pages\/2\/revisions"}],"predecessor-version":[{"id":118,"href":"https:\/\/aikido-sindelfingen.de\/index.php?rest_route=\/wp\/v2\/pages\/2\/revisions\/118"}],"wp:attachment":[{"href":"https:\/\/aikido-sindelfingen.de\/index.php?rest_route=%2Fwp%2Fv2%2Fmedia&parent=2"}],"curies":[{"name":"wp","href":"https:\/\/api.w.org\/{rel}","templated":true}]}}